{"id":5,"date":"2021-06-06T00:04:51","date_gmt":"2021-06-06T00:04:51","guid":{"rendered":"http:\/\/arbietos.com\/?page_id=5"},"modified":"2021-07-05T02:40:50","modified_gmt":"2021-07-05T02:40:50","slug":"portada","status":"publish","type":"page","link":"http:\/\/arbietos.com\/","title":{"rendered":"Portada"},"content":{"rendered":"<p>[et_pb_section fb_built=\u00bb1&#8243; admin_label=\u00bbHeader\u00bb _builder_version=\u00bb4.9.2&#8243; _module_preset=\u00bbdefault\u00bb background_enable_color=\u00bboff\u00bb background_image=\u00bbhttp:\/\/arbietos.com\/wp-content\/uploads\/2021\/06\/event-space-46.jpg\u00bb parallax=\u00bbon\u00bb custom_padding=\u00bb8vw||||false|false\u00bb locked=\u00bboff\u00bb][et_pb_row _builder_version=\u00bb4.9.2&#8243; _module_preset=\u00bbdefault\u00bb][et_pb_column type=\u00bb4_4&#8243; _builder_version=\u00bb4.9.0&#8243; _module_preset=\u00bbdefault\u00bb][et_pb_text _builder_version=\u00bb4.9.2&#8243; _module_preset=\u00bbd31e2bc2-7099-47ba-9c37-1cdc94e70270&#8243; header_font=\u00bbPrata||||||||\u00bb header_text_color=\u00bb#FFFFFF\u00bb header_font_size=\u00bb90px\u00bb header_line_height=\u00bb1.1em\u00bb text_orientation=\u00bbcenter\u00bb max_width=\u00bb900px\u00bb module_alignment=\u00bbcenter\u00bb header_font_size_tablet=\u00bb64px\u00bb header_font_size_phone=\u00bb30px\u00bb header_font_size_last_edited=\u00bbon|phone\u00bb header_line_height_tablet=\u00bb1.2em\u00bb header_line_height_phone=\u00bb1.3em\u00bb header_line_height_last_edited=\u00bbon|desktop\u00bb locked=\u00bboff\u00bb]<\/p>\n<h1>Familia Arbieto Arboleda<\/h1>\n<p>[\/et_pb_text][\/et_pb_column][\/et_pb_row][et_pb_row column_structure=\u00bb1_4,1_2,1_4&#8243; _builder_version=\u00bb4.9.2&#8243; _module_preset=\u00bbdefault\u00bb width_tablet=\u00bb\u00bb width_phone=\u00bb90%\u00bb width_last_edited=\u00bbon|phone\u00bb custom_padding=\u00bb0px|||||\u00bb][et_pb_column type=\u00bb1_4&#8243; _builder_version=\u00bb4.9.2&#8243; _module_preset=\u00bbdefault\u00bb][et_pb_text _builder_version=\u00bb4.9.2&#8243; _module_preset=\u00bbda86b6f0-f83c-4c7c-bdd8-3019777ddffe\u00bb text_font=\u00bbLato||||||||\u00bb text_text_color=\u00bb#FFFFFF\u00bb text_line_height=\u00bb1.8em\u00bb max_width_tablet=\u00bb60%\u00bb max_width_phone=\u00bb100%\u00bb max_width_last_edited=\u00bboff|desktop\u00bb custom_margin_tablet=\u00bb0px||||false|false\u00bb custom_margin_last_edited=\u00bboff|desktop\u00bb text_font_size_tablet=\u00bb15px\u00bb text_font_size_phone=\u00bb14px\u00bb text_font_size_last_edited=\u00bbon|desktop\u00bb text_orientation_tablet=\u00bbcenter\u00bb text_orientation_phone=\u00bb\u00bb text_orientation_last_edited=\u00bbon|phone\u00bb locked=\u00bboff\u00bb background_layout__hover_enabled=\u00bboff|desktop\u00bb]<\/p>\n<p><span><em>\u00abCada vez que alguien cometa una falta contra ti, medita al punto qu\u00e9 concepto del mal o del bien ten\u00eda al cometer dicha falta. Porque, una vez que hayas examinado eso, tendr\u00e1s compasi\u00f3n de \u00e9l y ni te sorprender\u00e1s, ni te irritar\u00e1s con \u00e9l. Ya que comprender\u00e1s t\u00fa tambi\u00e9n el mismo concepto del bien que \u00e9l, u otro similar. En consecuencia, es preciso que le perdones. Pero aun si no llegas a compartir su concepto del bien y del mal, ser\u00e1s m\u00e1s f\u00e1cilmente ben\u00e9volo con su extrav\u00edo.\u00bb\u00a0 \u00a0<\/em>\u00a0 \u00a0 \u00a0 \u00a0 \u00a0 \u00a0 \u00a0 \u00a0 \u00a0 \u00a0 \u00a0 \u00a0 \u00a0 \u00a0 \u00a0 \u00a0 \u00a0 \u00a0 \u00a0 \u00a0 \u00a0 \u00a0 \u00a0 \u00a0 \u00a0 \u00a0 \u00a0 \u00a0 \u00a0 \u00a0 \u00a0 \u00a0 \u00a0 \u00a0 \u00a0 \u00a0 \u00a0 \u00a0 \u00a0 \u00a0 \u00a0 \u00a0 \u00a0 \u00a0 \u00a0 \u00a0<\/span><span>Marco Aurelio<\/span><\/p>\n<p>[\/et_pb_text][\/et_pb_column][et_pb_column type=\u00bb1_2&#8243; _builder_version=\u00bb4.9.2&#8243; _module_preset=\u00bbdefault\u00bb z_index=\u00bb12&#8243; custom_padding=\u00bb10%||||false|false\u00bb][et_pb_image src=\u00bbhttp:\/\/arbietos.com\/wp-content\/uploads\/2021\/06\/abuelo_manuel.jpg\u00bb title_text=\u00bbabuelo_manuel\u00bb align=\u00bbcenter\u00bb _builder_version=\u00bb4.8.2&#8243; _module_preset=\u00bbdefault\u00bb custom_margin=\u00bb-8%|9.45%|40.2%|9.45%|false|true\u00bb scroll_vertical_motion_enable=\u00bbon\u00bb scroll_vertical_motion=\u00bb0|100|100|100|2|0|0&#8243; box_shadow_style=\u00bbpreset2&#8243;][\/et_pb_image][et_pb_image src=\u00bbhttp:\/\/arbietos.com\/wp-content\/uploads\/2021\/06\/event-space-47.png\u00bb title_text=\u00bbevent-space-47&#8243; _builder_version=\u00bb4.9.2&#8243; _module_preset=\u00bbdefault\u00bb positioning=\u00bbabsolute\u00bb position_origin_a=\u00bbtop_center\u00bb width=\u00bb100%\u00bb custom_margin=\u00bb26%||0px||false|false\u00bb][\/et_pb_image][et_pb_image src=\u00bbhttp:\/\/arbietos.com\/wp-content\/uploads\/2021\/06\/event-space-50.png\u00bb title_text=\u00bbevent-space-50&#8243; _builder_version=\u00bb4.9.2&#8243; _module_preset=\u00bbdefault\u00bb positioning=\u00bbabsolute\u00bb position_origin_a=\u00bbbottom_center\u00bb vertical_offset=\u00bb35%\u00bb width=\u00bb100%\u00bb custom_margin=\u00bb||0px||false|false\u00bb][\/et_pb_image][et_pb_image src=\u00bbhttp:\/\/arbietos.com\/wp-content\/uploads\/2021\/06\/event-space-49.png\u00bb title_text=\u00bbevent-space-49&#8243; _builder_version=\u00bb4.9.2&#8243; _module_preset=\u00bbdefault\u00bb positioning=\u00bbabsolute\u00bb position_origin_a=\u00bbbottom_center\u00bb vertical_offset=\u00bb0%\u00bb z_index=\u00bb-1&#8243; width=\u00bb100%\u00bb][\/et_pb_image][\/et_pb_column][et_pb_column type=\u00bb1_4&#8243; _builder_version=\u00bb4.9.2&#8243; _module_preset=\u00bbdefault\u00bb][\/et_pb_column][\/et_pb_row][\/et_pb_section][et_pb_section fb_built=\u00bb1&#8243; admin_label=\u00bbFeatures\u00bb _builder_version=\u00bb4.8.2&#8243; _module_preset=\u00bbdefault\u00bb background_color=\u00bb#fff4ef\u00bb use_background_color_gradient=\u00bbon\u00bb background_color_gradient_start=\u00bb#000000&#8243; background_color_gradient_end=\u00bbrgba(0,0,0,0.92)\u00bb locked=\u00bboff\u00bb][et_pb_row column_structure=\u00bb2_3,1_3&#8243; _builder_version=\u00bb4.9.0&#8243; _module_preset=\u00bbdefault\u00bb][et_pb_column type=\u00bb2_3&#8243; _builder_version=\u00bb4.9.0&#8243; _module_preset=\u00bbdefault\u00bb][et_pb_text _builder_version=\u00bb4.8.2&#8243; _module_preset=\u00bb94303537-339d-484d-8204-fdaf972d663a\u00bb header_font=\u00bb||||||||\u00bb header_3_font=\u00bbPrata||||||||\u00bb header_3_text_color=\u00bbgcid-3f47e762-ddb9-4bcc-9a88-eb1cda6175db\u00bb header_3_font_size=\u00bb30px\u00bb header_3_line_height=\u00bb1.3em\u00bb text_orientation=\u00bbright\u00bb max_width=\u00bb560px\u00bb module_alignment=\u00bbright\u00bb custom_margin=\u00bb||0px||false|false\u00bb header_3_font_size_tablet=\u00bb22px\u00bb header_3_font_size_phone=\u00bb18px\u00bb header_3_font_size_last_edited=\u00bbon|desktop\u00bb header_3_line_height_tablet=\u00bb1.4em\u00bb header_3_line_height_phone=\u00bb1.4em\u00bb header_3_line_height_last_edited=\u00bbon|desktop\u00bb]<\/p>\n<h3>Fotos de la familia Arbieto Arboleda<\/h3>\n<p>[\/et_pb_text][et_pb_image src=\u00bbhttp:\/\/arbietos.com\/wp-content\/uploads\/2021\/06\/event-space-03.png\u00bb title_text=\u00bbevent-space-03&#8243; align=\u00bbright\u00bb _builder_version=\u00bb4.9.0&#8243; _module_preset=\u00bbdefault\u00bb][\/et_pb_image][\/et_pb_column][et_pb_column type=\u00bb1_3&#8243; _builder_version=\u00bb4.9.0&#8243; _module_preset=\u00bbdefault\u00bb][\/et_pb_column][\/et_pb_row][et_pb_row column_structure=\u00bb1_3,1_3,1_3&#8243; _builder_version=\u00bb4.8.2&#8243; _module_preset=\u00bbdefault\u00bb use_background_color_gradient=\u00bbon\u00bb background_color_gradient_start=\u00bbrgba(0,0,0,0.58)\u00bb background_color_gradient_end=\u00bb#000000&#8243; custom_margin=\u00bb0px||||false|false\u00bb custom_padding=\u00bb0px|0px||0px|false|false\u00bb][et_pb_column type=\u00bb1_3&#8243; _builder_version=\u00bb4.8.2&#8243; _module_preset=\u00bbdefault\u00bb][et_pb_image src=\u00bbhttp:\/\/arbietos.com\/wp-content\/uploads\/2021\/06\/abuelo_2.jpg\u00bb title_text=\u00bbabuelo_2&#8243; show_in_lightbox=\u00bbon\u00bb module_class=\u00bbpolaroid\u00bb _builder_version=\u00bb4.8.2&#8243; _module_preset=\u00bbdefault\u00bb background_color=\u00bb#000000&#8243; hover_enabled=\u00bb0&#8243; custom_css_main_element=\u00bbz-index: 1;||-webkit-transform: rotate(-5deg);||-moz-transform: rotate(-6deg);\u00bb sticky_enabled=\u00bb0&#8243;][\/et_pb_image][et_pb_image src=\u00bbhttp:\/\/arbietos.com\/wp-content\/uploads\/2021\/06\/baby_shower.jpg\u00bb title_text=\u00bbbaby_shower\u00bb show_in_lightbox=\u00bbon\u00bb module_class=\u00bbpolaroid\u00bb _builder_version=\u00bb4.8.2&#8243; _module_preset=\u00bbdefault\u00bb background_color=\u00bb#000000&#8243; custom_css_main_element=\u00bbz-index: 5;||-webkit-transform: rotate(-14deg);||-moz-transform: rotate(-5deg);\u00bb box_shadow_style=\u00bbpreset1&#8243;][\/et_pb_image][et_pb_image src=\u00bbhttp:\/\/arbietos.com\/wp-content\/uploads\/2021\/06\/nosotros.jpg\u00bb title_text=\u00bbnosotros\u00bb show_in_lightbox=\u00bbon\u00bb module_class=\u00bbpolaroid\u00bb _builder_version=\u00bb4.8.2&#8243; _module_preset=\u00bbdefault\u00bb background_color=\u00bb#000000&#8243; custom_css_main_element=\u00bbz-index: 5;||-webkit-transform: rotate(-14deg);||-moz-transform: rotate(-5deg);\u00bb box_shadow_style=\u00bbpreset1&#8243;][\/et_pb_image][\/et_pb_column][et_pb_column type=\u00bb1_3&#8243; _builder_version=\u00bb4.8.2&#8243; _module_preset=\u00bbdefault\u00bb][et_pb_image src=\u00bbhttp:\/\/arbietos.com\/wp-content\/uploads\/2021\/06\/medellin_2012.jpg\u00bb title_text=\u00bbmedellin_2012&#8243; show_in_lightbox=\u00bbon\u00bb module_class=\u00bbpolaroid\u00bb _builder_version=\u00bb4.8.2&#8243; _module_preset=\u00bbdefault\u00bb background_color=\u00bb#000000&#8243; custom_css_main_element=\u00bbz-index: 2;||-webkit-transform: rotate(4deg);||-moz-transform: rotate(-5deg);\u00bb box_shadow_style=\u00bbpreset1&#8243;][\/et_pb_image][et_pb_image src=\u00bbhttp:\/\/arbietos.com\/wp-content\/uploads\/2021\/06\/abuelo_3.jpg\u00bb title_text=\u00bbabuelo_3&#8243; show_in_lightbox=\u00bbon\u00bb module_class=\u00bbpolaroid\u00bb _builder_version=\u00bb4.8.2&#8243; _module_preset=\u00bbdefault\u00bb background_color=\u00bb#000000&#8243; custom_css_main_element=\u00bbz-index: 9;||-webkit-transform: rotate(-12deg);||-moz-transform: rotate(-5deg);\u00bb box_shadow_style=\u00bbpreset1&#8243;][\/et_pb_image][et_pb_image src=\u00bbhttp:\/\/arbietos.com\/wp-content\/uploads\/2021\/06\/hermanos.jpg\u00bb title_text=\u00bbhermanos\u00bb show_in_lightbox=\u00bbon\u00bb module_class=\u00bbpolaroid\u00bb _builder_version=\u00bb4.8.2&#8243; _module_preset=\u00bbdefault\u00bb background_color=\u00bb#000000&#8243; custom_css_main_element=\u00bbz-index: 10;||-webkit-transform: rotate(5deg);||-moz-transform: rotate(-15deg);\u00bb box_shadow_style=\u00bbpreset1&#8243;][\/et_pb_image][\/et_pb_column][et_pb_column type=\u00bb1_3&#8243; _builder_version=\u00bb4.8.2&#8243; _module_preset=\u00bbdefault\u00bb][et_pb_image src=\u00bbhttp:\/\/arbietos.com\/wp-content\/uploads\/2021\/06\/familia_primos.jpg\u00bb title_text=\u00bbfamilia_primos\u00bb show_in_lightbox=\u00bbon\u00bb module_class=\u00bbpolaroid\u00bb _builder_version=\u00bb4.8.2&#8243; _module_preset=\u00bbdefault\u00bb background_color=\u00bb#000000&#8243; custom_css_main_element=\u00bbz-index: 8;||-webkit-transform: rotate(-3deg);||-moz-transform: rotate(6deg);\u00bb box_shadow_style=\u00bbpreset1&#8243;][\/et_pb_image][et_pb_image src=\u00bbhttp:\/\/arbietos.com\/wp-content\/uploads\/2021\/06\/abuela.jpg\u00bb title_text=\u00bbabuela\u00bb show_in_lightbox=\u00bbon\u00bb module_class=\u00bbpolaroid\u00bb _builder_version=\u00bb4.8.2&#8243; _module_preset=\u00bbdefault\u00bb background_color=\u00bb#000000&#8243; height=\u00bb370px\u00bb custom_css_main_element=\u00bbz-index: 10;||-webkit-transform: rotate(7deg);||-moz-transform: rotate(7deg);\u00bb box_shadow_style=\u00bbpreset1&#8243;][\/et_pb_image][et_pb_image src=\u00bbhttp:\/\/arbietos.com\/wp-content\/uploads\/2021\/06\/mama.jpg\u00bb title_text=\u00bbmama\u00bb show_in_lightbox=\u00bbon\u00bb module_class=\u00bbpolaroid\u00bb _builder_version=\u00bb4.8.2&#8243; _module_preset=\u00bbdefault\u00bb background_color=\u00bb#000000&#8243; custom_css_main_element=\u00bbz-index: 7;||-webkit-transform: rotate(10deg);||-moz-transform: rotate(-5deg);\u00bb box_shadow_style=\u00bbpreset1&#8243;][\/et_pb_image][\/et_pb_column][\/et_pb_row][\/et_pb_section][et_pb_section fb_built=\u00bb1&#8243; admin_label=\u00bbAbout\u00bb _builder_version=\u00bb4.8.2&#8243; _module_preset=\u00bbdefault\u00bb background_color=\u00bb#141414&#8243; background_image=\u00bbhttp:\/\/arbietos.com\/wp-content\/uploads\/2021\/06\/event-space-22.png\u00bb background_size=\u00bbinitial\u00bb background_position=\u00bbcenter_right\u00bb][et_pb_row column_structure=\u00bb1_3,1_3,1_3&#8243; _builder_version=\u00bb4.9.2&#8243; _module_preset=\u00bbdefault\u00bb][et_pb_column type=\u00bb1_3&#8243; _builder_version=\u00bb4.9.0&#8243; _module_preset=\u00bbdefault\u00bb custom_padding=\u00bb180px||||false|false\u00bb custom_padding_tablet=\u00bb0px||||false|false\u00bb custom_padding_phone=\u00bb\u00bb custom_padding_last_edited=\u00bbon|desktop\u00bb][et_pb_image src=\u00bbhttp:\/\/arbietos.com\/wp-content\/uploads\/2021\/06\/event-space-14.png\u00bb title_text=\u00bbevent-space-14&#8243; _builder_version=\u00bb4.9.0&#8243; _module_preset=\u00bbdefault\u00bb][\/et_pb_image][et_pb_text _builder_version=\u00bb4.9.2&#8243; _module_preset=\u00bbda86b6f0-f83c-4c7c-bdd8-3019777ddffe\u00bb text_font=\u00bbLato||||||||\u00bb text_text_color=\u00bb#FFFFFF\u00bb text_font_size=\u00bb16px\u00bb text_line_height=\u00bb1.8em\u00bb text_font_size_tablet=\u00bb15px\u00bb text_font_size_phone=\u00bb14px\u00bb text_font_size_last_edited=\u00bbon|desktop\u00bb locked=\u00bboff\u00bb]<\/p>\n<p>Donec sollicitudin molestie malesuada. Donec sollicitudin molestie malesuada. Vestibulum ante ipsum primis in faucibus orci luctus et ultrices posuere cubilia Curae; Donec velit neque, auctor sit amet aliquam vel, ullamcorper sit amet ligula. Pellentesque<\/p>\n<p>[\/et_pb_text][\/et_pb_column][et_pb_column type=\u00bb1_3&#8243; _builder_version=\u00bb4.9.0&#8243; _module_preset=\u00bbdefault\u00bb][et_pb_image src=\u00bbhttp:\/\/arbietos.com\/wp-content\/uploads\/2021\/06\/victor_uruguay.jpg\u00bb title_text=\u00bbvictor_uruguay\u00bb align=\u00bbcenter\u00bb _builder_version=\u00bb4.8.2&#8243; _module_preset=\u00bbdefault\u00bb box_shadow_style=\u00bbpreset1&#8243;][\/et_pb_image][\/et_pb_column][et_pb_column type=\u00bb1_3&#8243; _builder_version=\u00bb4.9.2&#8243; _module_preset=\u00bbdefault\u00bb custom_padding=\u00bb206px||||false|false\u00bb custom_padding_tablet=\u00bb0px||||false|false\u00bb custom_padding_phone=\u00bb\u00bb custom_padding_last_edited=\u00bbon|phone\u00bb][et_pb_image src=\u00bbhttp:\/\/arbietos.com\/wp-content\/uploads\/2021\/06\/andres_y_yo.jpg\u00bb title_text=\u00bbandres_y_yo\u00bb align=\u00bbcenter\u00bb _builder_version=\u00bb4.8.2&#8243; _module_preset=\u00bbdefault\u00bb box_shadow_style=\u00bbpreset1&#8243;][\/et_pb_image][\/et_pb_column][\/et_pb_row][et_pb_row column_structure=\u00bb1_2,1_2&#8243; _builder_version=\u00bb4.9.2&#8243; _module_preset=\u00bbdefault\u00bb][et_pb_column type=\u00bb1_2&#8243; _builder_version=\u00bb4.9.0&#8243; _module_preset=\u00bbdefault\u00bb][et_pb_text _builder_version=\u00bb4.9.2&#8243; _module_preset=\u00bbdefault\u00bb text_font=\u00bbPrata|||on|||||\u00bb text_font_size=\u00bb12px\u00bb text_letter_spacing=\u00bb2px\u00bb text_line_height=\u00bb1.8em\u00bb background_color=\u00bb#ff4700&#8243; text_orientation=\u00bbcenter\u00bb background_layout=\u00bbdark\u00bb width=\u00bb160px\u00bb module_alignment=\u00bbcenter\u00bb height=\u00bb160px\u00bb custom_margin_tablet=\u00bb0px||||false|false\u00bb custom_margin_last_edited=\u00bboff|desktop\u00bb custom_padding=\u00bb72px|10px||10px|false|true\u00bb link_option_url=\u00bb#\u00bb border_radii=\u00bbon|100px|100px|100px|100px\u00bb locked=\u00bboff\u00bb]<\/p>\n<p>Book Now<\/p>\n<p>[\/et_pb_text][\/et_pb_column][et_pb_column type=\u00bb1_2&#8243; _builder_version=\u00bb4.9.0&#8243; _module_preset=\u00bbdefault\u00bb][et_pb_image src=\u00bbhttp:\/\/arbietos.com\/wp-content\/uploads\/2021\/06\/Manuel_disfrazado.jpg\u00bb title_text=\u00bbManuel_disfrazado\u00bb _builder_version=\u00bb4.8.2&#8243; _module_preset=\u00bbdefault\u00bb box_shadow_style=\u00bbpreset1&#8243;][\/et_pb_image][\/et_pb_column][\/et_pb_row][\/et_pb_section][et_pb_section fb_built=\u00bb1&#8243; admin_label=\u00bbFooter\u00bb _builder_version=\u00bb4.9.0&#8243; _module_preset=\u00bbdefault\u00bb background_color=\u00bb#141414&#8243; locked=\u00bboff\u00bb][et_pb_row column_structure=\u00bb1_3,1_3,1_3&#8243; _builder_version=\u00bb4.9.0&#8243; _module_preset=\u00bbdefault\u00bb][et_pb_column type=\u00bb1_3&#8243; _builder_version=\u00bb4.9.0&#8243; _module_preset=\u00bbdefault\u00bb][et_pb_text _builder_version=\u00bb4.9.2&#8243; _module_preset=\u00bb953b54f8-0496-49ab-9a7b-b2a4d19ebf86&#8243; header_font=\u00bb||||||||\u00bb header_text_color=\u00bb#141414&#8243; header_3_font=\u00bbPrata||||||||\u00bb header_3_text_color=\u00bb#FFFFFF\u00bb header_3_font_size=\u00bb24px\u00bb header_3_line_height=\u00bb1.3em\u00bb custom_margin=\u00bb||0px||false|false\u00bb header_3_font_size_tablet=\u00bb22px\u00bb header_3_font_size_phone=\u00bb18px\u00bb header_3_font_size_last_edited=\u00bbon|desktop\u00bb header_3_line_height_tablet=\u00bb1.4em\u00bb header_3_line_height_phone=\u00bb1.4em\u00bb header_3_line_height_last_edited=\u00bbon|desktop\u00bb]<\/p>\n<h3>Familia Arbieto\u00a0<\/h3>\n<p>[\/et_pb_text][et_pb_text _builder_version=\u00bb4.9.0&#8243; _module_preset=\u00bbda86b6f0-f83c-4c7c-bdd8-3019777ddffe\u00bb text_font=\u00bbLato||||||||\u00bb text_text_color=\u00bb#FFFFFF\u00bb text_font_size=\u00bb16px\u00bb text_line_height=\u00bb1.8em\u00bb custom_padding=\u00bb||0px|||\u00bb text_font_size_tablet=\u00bb15px\u00bb text_font_size_phone=\u00bb14px\u00bb text_font_size_last_edited=\u00bbon|desktop\u00bb]Vestibulum ante ipsum primis in faucibus orci luctus et ultrices posuere cubilia. Donec velit neque, auctor sit amet.[\/et_pb_text][\/et_pb_column][et_pb_column type=\u00bb1_3&#8243; _builder_version=\u00bb4.9.0&#8243; _module_preset=\u00bbdefault\u00bb][et_pb_text _builder_version=\u00bb4.9.2&#8243; _module_preset=\u00bb953b54f8-0496-49ab-9a7b-b2a4d19ebf86&#8243; header_font=\u00bb||||||||\u00bb header_text_color=\u00bb#141414&#8243; header_3_font=\u00bbPrata||||||||\u00bb header_3_text_color=\u00bb#FFFFFF\u00bb header_3_font_size=\u00bb24px\u00bb header_3_line_height=\u00bb1.3em\u00bb custom_margin=\u00bb||0px||false|false\u00bb header_3_font_size_tablet=\u00bb22px\u00bb header_3_font_size_phone=\u00bb18px\u00bb header_3_font_size_last_edited=\u00bbon|desktop\u00bb header_3_line_height_tablet=\u00bb1.4em\u00bb header_3_line_height_phone=\u00bb1.4em\u00bb header_3_line_height_last_edited=\u00bbon|desktop\u00bb locked=\u00bboff\u00bb]<\/p>\n<h3>Quik Links<\/h3>\n<p>[\/et_pb_text][et_pb_text _builder_version=\u00bb4.9.2&#8243; _module_preset=\u00bbda86b6f0-f83c-4c7c-bdd8-3019777ddffe\u00bb text_font=\u00bbLato||||||||\u00bb text_text_color=\u00bb#FFFFFF\u00bb text_font_size=\u00bb16px\u00bb text_line_height=\u00bb1.8em\u00bb link_text_color=\u00bb#FFFFFF\u00bb link_line_height=\u00bb2em\u00bb text_font_size_tablet=\u00bb15px\u00bb text_font_size_phone=\u00bb14px\u00bb text_font_size_last_edited=\u00bbon|desktop\u00bb locked=\u00bboff\u00bb link_text_color__hover_enabled=\u00bbon|hover\u00bb link_text_color__hover=\u00bb#FF4700&#8243;]<\/p>\n<p><a href=\"#\">Support<\/a><br \/><a href=\"#\">Pricing<\/a><br \/><a href=\"#\">Blog<\/a><br \/><a href=\"#\">Contact<\/a><\/p>\n<p>[\/et_pb_text][\/et_pb_column][et_pb_column type=\u00bb1_3&#8243; _builder_version=\u00bb4.9.0&#8243; _module_preset=\u00bbdefault\u00bb][et_pb_text _builder_version=\u00bb4.9.2&#8243; _module_preset=\u00bb953b54f8-0496-49ab-9a7b-b2a4d19ebf86&#8243; header_font=\u00bb||||||||\u00bb header_text_color=\u00bb#141414&#8243; header_3_font=\u00bbPrata||||||||\u00bb header_3_text_color=\u00bb#FFFFFF\u00bb header_3_font_size=\u00bb24px\u00bb header_3_line_height=\u00bb1.3em\u00bb custom_margin=\u00bb||0px||false|false\u00bb header_3_font_size_tablet=\u00bb22px\u00bb header_3_font_size_phone=\u00bb18px\u00bb header_3_font_size_last_edited=\u00bbon|desktop\u00bb header_3_line_height_tablet=\u00bb1.4em\u00bb header_3_line_height_phone=\u00bb1.4em\u00bb header_3_line_height_last_edited=\u00bbon|desktop\u00bb locked=\u00bboff\u00bb]<\/p>\n<h3>Follow Us<\/h3>\n<p>[\/et_pb_text][et_pb_social_media_follow icon_color=\u00bb#141414&#8243; _builder_version=\u00bb4.9.2&#8243; _module_preset=\u00bbdefault\u00bb border_radii=\u00bbon|50px|50px|50px|50px\u00bb][et_pb_social_media_follow_network social_network=\u00bbfacebook\u00bb _builder_version=\u00bb4.9.2&#8243; _module_preset=\u00bbdefault\u00bb background_color=\u00bb#FFFFFF\u00bb background_enable_color=\u00bbon\u00bb custom_padding=\u00bb4px|4px|4px|4px|true|true\u00bb follow_button=\u00bboff\u00bb url_new_window=\u00bbon\u00bb]facebook[\/et_pb_social_media_follow_network][et_pb_social_media_follow_network social_network=\u00bbtwitter\u00bb _builder_version=\u00bb4.9.2&#8243; _module_preset=\u00bbdefault\u00bb background_color=\u00bb#FFFFFF\u00bb background_enable_color=\u00bbon\u00bb custom_padding=\u00bb4px|4px|4px|4px|true|true\u00bb follow_button=\u00bboff\u00bb url_new_window=\u00bbon\u00bb]twitter[\/et_pb_social_media_follow_network][et_pb_social_media_follow_network social_network=\u00bbinstagram\u00bb _builder_version=\u00bb4.9.2&#8243; _module_preset=\u00bbdefault\u00bb background_color=\u00bb#FFFFFF\u00bb background_enable_color=\u00bbon\u00bb custom_padding=\u00bb4px|4px|4px|4px|true|true\u00bb follow_button=\u00bboff\u00bb url_new_window=\u00bbon\u00bb]instagram[\/et_pb_social_media_follow_network][\/et_pb_social_media_follow][\/et_pb_column][\/et_pb_row][\/et_pb_section]<\/p>\n","protected":false},"excerpt":{"rendered":"<p>[et_pb_section fb_built=\u00bb1&#8243; admin_label=\u00bbHeader\u00bb _builder_version=\u00bb4.9.2&#8243; _module_preset=\u00bbdefault\u00bb background_enable_color=\u00bboff\u00bb background_image=\u00bbhttp:\/\/arbietos.com\/wp-content\/uploads\/2021\/06\/event-space-46.jpg\u00bb parallax=\u00bbon\u00bb custom_padding=\u00bb8vw||||false|false\u00bb locked=\u00bboff\u00bb][et_pb_row _builder_version=\u00bb4.9.2&#8243; _module_preset=\u00bbdefault\u00bb][et_pb_column type=\u00bb4_4&#8243; _builder_version=\u00bb4.9.0&#8243; _module_preset=\u00bbdefault\u00bb][et_pb_text _builder_version=\u00bb4.9.2&#8243; _module_preset=\u00bbd31e2bc2-7099-47ba-9c37-1cdc94e70270&#8243; header_font=\u00bbPrata||||||||\u00bb header_text_color=\u00bb#FFFFFF\u00bb header_font_size=\u00bb90px\u00bb header_line_height=\u00bb1.1em\u00bb text_orientation=\u00bbcenter\u00bb max_width=\u00bb900px\u00bb module_alignment=\u00bbcenter\u00bb header_font_size_tablet=\u00bb64px\u00bb header_font_size_phone=\u00bb30px\u00bb header_font_size_last_edited=\u00bbon|phone\u00bb header_line_height_tablet=\u00bb1.2em\u00bb header_line_height_phone=\u00bb1.3em\u00bb header_line_height_last_edited=\u00bbon|desktop\u00bb locked=\u00bboff\u00bb] Familia Arbieto Arboleda [\/et_pb_text][\/et_pb_column][\/et_pb_row][et_pb_row column_structure=\u00bb1_4,1_2,1_4&#8243; _builder_version=\u00bb4.9.2&#8243; _module_preset=\u00bbdefault\u00bb width_tablet=\u00bb\u00bb width_phone=\u00bb90%\u00bb width_last_edited=\u00bbon|phone\u00bb custom_padding=\u00bb0px|||||\u00bb][et_pb_column type=\u00bb1_4&#8243; _builder_version=\u00bb4.9.2&#8243; _module_preset=\u00bbdefault\u00bb][et_pb_text _builder_version=\u00bb4.9.2&#8243; _module_preset=\u00bbda86b6f0-f83c-4c7c-bdd8-3019777ddffe\u00bb text_font=\u00bbLato||||||||\u00bb text_text_color=\u00bb#FFFFFF\u00bb text_line_height=\u00bb1.8em\u00bb max_width_tablet=\u00bb60%\u00bb max_width_phone=\u00bb100%\u00bb max_width_last_edited=\u00bboff|desktop\u00bb custom_margin_tablet=\u00bb0px||||false|false\u00bb custom_margin_last_edited=\u00bboff|desktop\u00bb [&hellip;]<\/p>\n","protected":false},"author":1,"featured_media":0,"parent":0,"menu_order":0,"comment_status":"closed","ping_status":"closed","template":"","meta":{"_et_pb_use_builder":"on","_et_pb_old_content":"","_et_gb_content_width":"","om_disable_all_campaigns":false,"_monsterinsights_skip_tracking":false,"_monsterinsights_sitenote_active":false,"_monsterinsights_sitenote_note":"","_monsterinsights_sitenote_category":0},"_links":{"self":[{"href":"http:\/\/arbietos.com\/index.php?rest_route=\/wp\/v2\/pages\/5"}],"collection":[{"href":"http:\/\/arbietos.com\/index.php?rest_route=\/wp\/v2\/pages"}],"about":[{"href":"http:\/\/arbietos.com\/index.php?rest_route=\/wp\/v2\/types\/page"}],"author":[{"embeddable":true,"href":"http:\/\/arbietos.com\/index.php?rest_route=\/wp\/v2\/users\/1"}],"replies":[{"embeddable":true,"href":"http:\/\/arbietos.com\/index.php?rest_route=%2Fwp%2Fv2%2Fcomments&post=5"}],"version-history":[{"count":10,"href":"http:\/\/arbietos.com\/index.php?rest_route=\/wp\/v2\/pages\/5\/revisions"}],"predecessor-version":[{"id":117,"href":"http:\/\/arbietos.com\/index.php?rest_route=\/wp\/v2\/pages\/5\/revisions\/117"}],"wp:attachment":[{"href":"http:\/\/arbietos.com\/index.php?rest_route=%2Fwp%2Fv2%2Fmedia&parent=5"}],"curies":[{"name":"wp","href":"https:\/\/api.w.org\/{rel}","templated":true}]}}